{"id":85,"date":"2023-02-05T18:45:51","date_gmt":"2023-02-05T18:45:51","guid":{"rendered":"https:\/\/www.rozondasalas.es\/?page_id=85"},"modified":"2023-02-05T18:45:51","modified_gmt":"2023-02-05T18:45:51","slug":"aviso-legal","status":"publish","type":"page","link":"https:\/\/www.rozondasalas.es\/index.php\/aviso-legal\/","title":{"rendered":"Aviso Legal"},"content":{"rendered":"\n<p><br>Mar\u00eda Carmen Salas Sol\u00eds es la entidad titular de la presente p\u00e1gina web o portal<br>(www.rozondasalas.es )<\/p>\n\n\n\n<p>El acceso al portal de \u201cMar\u00eda Carmen Salas Sol\u00eds\u201d y a la informaci\u00f3n que contiene<br>comporta la aceptaci\u00f3n de las condiciones previstas en el presente aviso legal. Por ello<br>le recomendamos que lea atentamente su contenido si usted desea acceder y hacer uso<br>de la informaci\u00f3n y de los servicios que en su caso se puedan ofrecer desde este portal.<br><strong>Validez de la informaci\u00f3n<\/strong><br>La informaci\u00f3n contenida en estas p\u00e1ginas es la vigente en la fecha de su \u00faltima<br>actualizaci\u00f3n.<br>Las presentes condiciones son las vigentes desde la fecha de su \u00faltima actualizaci\u00f3n.<br>\u201cMar\u00eda Carmen Salas Sol\u00eds\u201d se reserva el derecho a modificarlas en cualquier momento,<br>en cuyo caso entrar\u00e1n en vigor desde su publicaci\u00f3n y ser\u00e1n aplicables a todos los<br>usuarios del portal desde esa fecha.<br>Los contenidos del portal, en especial las referencias informativas y publicitarias, en su<br>caso, salvo que expresamente se indique lo contrario, no constituyen ning\u00fan tipo de<br>oferta vinculante. \u201cMar\u00eda Carmen Salas Sol\u00eds\u201d se reserva el derecho a introducir<br>modificaciones u omitir parcial o totalmente los actuales contenidos del portal cuando<br>lo considere oportuno, as\u00ed como impedir o restringir el acceso de forma temporal o<br>permanente.<br><strong>Pol\u00edtica de privacidad y protecci\u00f3n de datos<\/strong><br>\u201cMar\u00eda Carmen Salas Sol\u00eds\u201d cumple \u00edntegramente con la legislaci\u00f3n vigente en materia<br>de protecci\u00f3n de datos de car\u00e1cter personal, y con los compromisos de confidencialidad<br>propios de la actividad.<br>\u201cMar\u00eda Carmen Salas Sol\u00eds\u201d ha adoptado las medidas t\u00e9cnicas necesarias para mantener<br>el nivel de seguridad requerido, seg\u00fan la naturaleza de los datos personales tratados y<br>las circunstancias del tratamiento, con el objeto de evitar, en la medida de lo posible y<br>siempre seg\u00fan el estado de la t\u00e9cnica, su alteraci\u00f3n, p\u00e9rdida, tratamiento o acceso no<br>autorizado.<br>Cuando sea solicitada la cumplimentaci\u00f3n de un formulario en el que se recojan datos<br>de car\u00e1cter personal, se informar\u00e1 al cliente o usuario del destinatario de la informaci\u00f3n,<br>de la finalidad para la cual se recogen los datos, de la identidad y direcci\u00f3n del<br>responsable del fichero y de la facultad del usuario de ejercitar los derechos de acceso,<br>rectificaci\u00f3n, cancelaci\u00f3n y oposici\u00f3n al tratamiento de sus datos. Los datos personales<br>recogidos solo ser\u00e1n tratados y\/o cedidos con la expresada finalidad, y siempre con el<br>consentimiento del usuario o cliente.<br>Para que la informaci\u00f3n que contienen nuestros ficheros est\u00e9 siempre actualizada y no<br>contenga errores pedimos a nuestros clientes y usuarios que nos comuniquen, a la<br>mayor brevedad posible, las modificaciones y rectificaciones de sus datos de car\u00e1cter<br>personal.<br>Algunas de las p\u00e1ginas del portal de \u201cMar\u00eda Carmen Salas Sol\u00eds\u201d disponen de cookies,<br>que son peque\u00f1os ficheros de datos que se generan en el ordenador del usuario o cliente<br>y que permiten a nuestros sistemas recordar el idioma y el portal escogidos, as\u00ed como<br>otras caracter\u00edsticas o preferencias de navegaci\u00f3n del usuario en su primera sesi\u00f3n.<br>Estas cookies no son invasivas, ni nocivas, ni contienen datos de car\u00e1cter personal, ya<br>que su \u00fanica funci\u00f3n es personalizar su navegaci\u00f3n en la forma antes expresada.<br><strong>Propiedad intelectual e industrial<\/strong><br>El portal de \u201cMar\u00eda Carmen Salas Sol\u00eds\u201d, las p\u00e1ginas que comprende y la informaci\u00f3n o<br>elementos contenidos en las mismas, incluyen textos, documentos, fotograf\u00edas, dibujos,<br>representaciones gr\u00e1ficas, bases de datos, programas inform\u00e1ticos, as\u00ed como logotipos,<br>marcas, nombres comerciales, u otros signos distintivos, protegidos por derechos de<br>propiedad intelectual o industrial son titulares o leg\u00edtimas licenciatarias.<br>\u201cMar\u00eda Carmen Salas Sol\u00eds\u201d no otorga garant\u00eda alguna sobre la licitud y legalidad de la<br>informaci\u00f3n o elementos contenidos en las p\u00e1ginas del portal cuando la titularidad de<br>los mismos no le corresponda.<br><strong>Usos prohibidos y permitidos<\/strong><br>Queda prohibida cualquier modalidad de explotaci\u00f3n, incluyendo todo tipo de<br>reproducci\u00f3n, distribuci\u00f3n, cesi\u00f3n a terceros, comunicaci\u00f3n p\u00fablica y transformaci\u00f3n,<br>mediante cualquier tipo de soporte y medio, de las obras antes referidas, creaciones y<br>signos distintivos sin autorizaci\u00f3n previa y expresa de sus respectivos titulares. El<br>incumplimiento de esta prohibici\u00f3n podr\u00e1 constituir infracci\u00f3n sancionable por la<br>legislaci\u00f3n vigente.<br>No obstante, por su cuenta y riesgo, el usuario podr\u00e1 descargar o realizar copia de tales<br>elementos exclusivamente para su uso personal, siempre que no infrinja ninguno de los<br>derechos de propiedad intelectual o industrial de \u201cMar\u00eda Carmen Salas Sol\u00eds\u201d. En<br>especial, no podr\u00e1 alterarlos, modificarlos o suprimirlos ni total ni parcialmente. En<br>ning\u00fan caso, ello significar\u00e1 una autorizaci\u00f3n o licencia sobre sus derechos de<br>propiedad.<br>Queda prohibido, salvo en los casos en que expresamente lo autorice \u201cMar\u00eda Carmen<br>Salas Sol\u00eds\u201d, establecer enlaces, hiperv\u00ednculos o links, desde portales o sitios web de<br>terceros a p\u00e1ginas de su sitio web distintas de la p\u00e1gina principal de su portal, accesible<br>en la direcci\u00f3n URL (https:\/\/www.rozondasalas.es), o la que le sustituya en el futuro, as\u00ed<br>como presentar sus p\u00e1ginas web o la informaci\u00f3n contenida en ellas bajo frames o<br>marcos, signos distintivos, marcas o denominaciones sociales o comerciales de otra<br>persona, empresa o entidad.<br><strong>Responsabilidades<\/strong><br>\u201cMar\u00eda Carmen Salas Sol\u00eds\u201d no garantiza el acceso continuado, ni la correcta<br>visualizaci\u00f3n, descarga o utilidad de los elementos e informaci\u00f3n contenidos en las<br>p\u00e1ginas de su sitio web, que pueden verse impedidos, dificultados o interrumpidos por<br>factores o circunstancias fuera de su control.<br>\u201cMar\u00eda Carmen Salas Sol\u00eds\u201d no es responsable de la informaci\u00f3n y dem\u00e1s contenidos<br>integrados en espacios o p\u00e1ginas web de terceros accesibles desde su portal mediante<br>enlaces, hiperv\u00ednculos o links, ni de la informaci\u00f3n y dem\u00e1s contenidos integrados en<br>espacios o p\u00e1ginas web de terceros desde los que se acceda mediante enlaces,<br>hiperv\u00ednculos o links a su sitio web o a cualquiera de sus p\u00e1ginas web, ni de la<br>informaci\u00f3n y contenidos de cualquier p\u00e1gina web de terceros que se presente bajo la<br>apariencia o signos distintivos de \u201cMar\u00eda Carmen Salas Sol\u00eds\u201d, salvo autorizaci\u00f3n<br>expresa de esta \u00faltima.<br><strong>Pol\u00edtica de cookies<\/strong><br>Las p\u00e1ginas web de \u201cMar\u00eda Carmen Salas Sol\u00eds\u201d disponen de cookies, que son peque\u00f1os<br>ficheros de datos que se almacenan en el ordenador del usuario o cliente y que pueden<br>permitir a nuestros sistemas recordar caracter\u00edsticas o preferencias de la navegaci\u00f3n en<br>nuestras p\u00e1ginas web que puedan servir para personalizar su acceso en sucesivas visitas,<br>hacer m\u00e1s segura la navegaci\u00f3n, recabar informaci\u00f3n estad\u00edstica sobre la navegaci\u00f3n<br>efectuada, o conocer preferencias de usuarios. La pol\u00edtica de cookies de \u201cMar\u00eda Carmen<br>Salas Sol\u00eds\u201d se sujeta a la normativa comunitaria y espa\u00f1ola en vigor, relativa al<br>tratamiento de los datos personales y a la protecci\u00f3n de la intimidad en el sector de las<br>comunicaciones electr\u00f3nicas.<br>\u00a9 \u201cMar\u00eda Carmen Salas Sol\u00eds\u201d. Todos los derechos reservados.<\/p>\n","protected":false},"excerpt":{"rendered":"<p>Mar\u00eda Carmen Salas Sol\u00eds es la entidad titular de la presente p\u00e1gina web o portal(www.rozondasalas.es ) El acceso al portal de \u201cMar\u00eda Carmen Salas Sol\u00eds\u201d y a la informaci\u00f3n que contienecomporta la aceptaci\u00f3n de las condiciones previstas en el presente &hellip; <a href=\"https:\/\/www.rozondasalas.es\/index.php\/aviso-legal\/\">Continue reading <span class=\"meta-nav\">&rarr;<\/span><\/a><\/p>\n","protected":false},"author":1,"featured_media":0,"parent":0,"menu_order":0,"comment_status":"closed","ping_status":"closed","template":"","meta":{"footnotes":""},"class_list":["post-85","page","type-page","status-publish","hentry"],"_links":{"self":[{"href":"https:\/\/www.rozondasalas.es\/index.php\/wp-json\/wp\/v2\/pages\/85","targetHints":{"allow":["GET"]}}],"collection":[{"href":"https:\/\/www.rozondasalas.es\/index.php\/wp-json\/wp\/v2\/pages"}],"about":[{"href":"https:\/\/www.rozondasalas.es\/index.php\/wp-json\/wp\/v2\/types\/page"}],"author":[{"embeddable":true,"href":"https:\/\/www.rozondasalas.es\/index.php\/wp-json\/wp\/v2\/users\/1"}],"replies":[{"embeddable":true,"href":"https:\/\/www.rozondasalas.es\/index.php\/wp-json\/wp\/v2\/comments?post=85"}],"version-history":[{"count":1,"href":"https:\/\/www.rozondasalas.es\/index.php\/wp-json\/wp\/v2\/pages\/85\/revisions"}],"predecessor-version":[{"id":86,"href":"https:\/\/www.rozondasalas.es\/index.php\/wp-json\/wp\/v2\/pages\/85\/revisions\/86"}],"wp:attachment":[{"href":"https:\/\/www.rozondasalas.es\/index.php\/wp-json\/wp\/v2\/media?parent=85"}],"curies":[{"name":"wp","href":"https:\/\/api.w.org\/{rel}","templated":true}]}}